{"id":18265,"date":"2024-01-22T12:40:29","date_gmt":"2024-01-22T11:40:29","guid":{"rendered":"https:\/\/update2025.svijetkvadrata.hr\/web2024\/?page_id=18265"},"modified":"2024-01-30T13:39:34","modified_gmt":"2024-01-30T12:39:34","slug":"vijesti","status":"publish","type":"page","link":"https:\/\/update2025.svijetkvadrata.hr\/web2024\/vijesti\/","title":{"rendered":"Vijesti"},"content":{"rendered":"\t\t<div data-elementor-type=\"wp-page\" data-elementor-id=\"18265\" class=\"elementor elementor-18265\" data-elementor-post-type=\"page\">\n\t\t\t\t\t\t<section class=\"elementor-section elementor-top-section elementor-element elementor-element-cc73154 elementor-section-boxed elementor-section-height-default elementor-section-height-default\" data-id=\"cc73154\" data-element_type=\"section\">\n\t\t\t\t\t\t<div class=\"elementor-container elementor-column-gap-default\">\n\t\t\t\t\t<div class=\"elementor-column elementor-col-100 elementor-top-column elementor-element elementor-element-d2fd606\" data-id=\"d2fd606\" data-element_type=\"column\">\n\t\t\t<div class=\"elementor-widget-wrap elementor-element-populated\">\n\t\t\t\t\t\t<div class=\"elementor-element elementor-element-d1c40aa elementor-grid-2 elementor-grid-tablet-2 elementor-grid-mobile-1 elementor-posts--thumbnail-top elementor-posts--show-avatar elementor-card-shadow-yes elementor-posts__hover-gradient elementor-widget elementor-widget-posts\" data-id=\"d1c40aa\" data-element_type=\"widget\" data-settings=\"{&quot;cards_columns&quot;:&quot;2&quot;,&quot;cards_columns_tablet&quot;:&quot;2&quot;,&quot;cards_columns_mobile&quot;:&quot;1&quot;,&quot;cards_row_gap&quot;:{&quot;unit&quot;:&quot;px&quot;,&quot;size&quot;:35,&quot;sizes&quot;:[]},&quot;cards_row_gap_tablet&quot;:{&quot;unit&quot;:&quot;px&quot;,&quot;size&quot;:&quot;&quot;,&quot;sizes&quot;:[]},&quot;cards_row_gap_mobile&quot;:{&quot;unit&quot;:&quot;px&quot;,&quot;size&quot;:&quot;&quot;,&quot;sizes&quot;:[]}}\" data-widget_type=\"posts.cards\">\n\t\t\t\t<div class=\"elementor-widget-container\">\n\t\t\t\t\t<div class=\"elementor-posts-container elementor-posts elementor-posts--skin-cards elementor-grid\">\n\t\t\t\t<article class=\"elementor-post elementor-grid-item post-4095 post type-post status-publish format-standard has-post-thumbnail hentry category-vijesti\">\n\t\t\t<div class=\"elementor-post__card\">\n\t\t\t\t<a class=\"elementor-post__thumbnail__link\" href=\"https:\/\/update2025.svijetkvadrata.hr\/web2024\/subvencioniranje-stambenih-kredita-2\/\" tabindex=\"-1\" ><div class=\"elementor-post__thumbnail\"><img fetchpriority=\"high\" decoding=\"async\" width=\"300\" height=\"193\" src=\"https:\/\/update2025.svijetkvadrata.hr\/web2024\/wp-content\/uploads\/2019\/08\/subvencioniranje-kredita-featured.jpg\" class=\"attachment-medium size-medium wp-image-4379\" alt=\"\" \/><\/div><\/a>\n\t\t\t\t<div class=\"elementor-post__badge\">Vijesti<\/div>\n\t\t\t\t<div class=\"elementor-post__avatar\">\n\t\t\t\t\t<\/div>\n\t\t\t\t<div class=\"elementor-post__text\">\n\t\t\t\t<h3 class=\"elementor-post__title\">\n\t\t\t<a href=\"https:\/\/update2025.svijetkvadrata.hr\/web2024\/subvencioniranje-stambenih-kredita-2\/\" >\n\t\t\t\tSUBVENCIONIRANJE STAMBENIH KREDITA\t\t\t<\/a>\n\t\t<\/h3>\n\t\t\t\t<div class=\"elementor-post__excerpt\">\n\t\t\t<p>Subvencioniranje stambenih kredita je mjera pomo\u0107i kojom se mladima subvencionira pla\u0107anje dijela stambenog kredita prvih pet godina otplate kredita. Mjera se provodi od 2017. godine, to\u010dnije pozivi su provedeni 2017., 2018., 2019. i 2020. godine. Prijave na posljednji poziv zaprimale su se od 30. o\u017eujka do 30. travnja 2020. godine.<\/p>\n\t\t<\/div>\n\t\t\n\t\t<a class=\"elementor-post__read-more\" href=\"https:\/\/update2025.svijetkvadrata.hr\/web2024\/subvencioniranje-stambenih-kredita-2\/\" aria-label=\"Read more about SUBVENCIONIRANJE STAMBENIH KREDITA\" tabindex=\"-1\" >\n\t\t\tPro\u010ditajte vi\u0161e \u00bb\t\t<\/a>\n\n\t\t\t\t<\/div>\n\t\t\t\t<div class=\"elementor-post__meta-data\">\n\t\t\t\t\t<span class=\"elementor-post-date\">\n\t\t\t20. kolovoza 2019.\t\t<\/span>\n\t\t\t\t<\/div>\n\t\t\t\t\t<\/div>\n\t\t<\/article>\n\t\t\t\t<article class=\"elementor-post elementor-grid-item post-2656 post type-post status-publish format-standard has-post-thumbnail hentry category-vijesti\">\n\t\t\t<div class=\"elementor-post__card\">\n\t\t\t\t<a class=\"elementor-post__thumbnail__link\" href=\"https:\/\/update2025.svijetkvadrata.hr\/web2024\/porezna-oslobodenja-pri-stjecanju-nekretnine\/\" tabindex=\"-1\" ><div class=\"elementor-post__thumbnail\"><img decoding=\"async\" width=\"300\" height=\"193\" src=\"https:\/\/update2025.svijetkvadrata.hr\/web2024\/wp-content\/uploads\/2016\/11\/porez-nekretnine-935x600.jpg\" class=\"attachment-medium size-medium wp-image-4381\" alt=\"\" \/><\/div><\/a>\n\t\t\t\t<div class=\"elementor-post__badge\">Vijesti<\/div>\n\t\t\t\t<div class=\"elementor-post__avatar\">\n\t\t\t\t\t<\/div>\n\t\t\t\t<div class=\"elementor-post__text\">\n\t\t\t\t<h3 class=\"elementor-post__title\">\n\t\t\t<a href=\"https:\/\/update2025.svijetkvadrata.hr\/web2024\/porezna-oslobodenja-pri-stjecanju-nekretnine\/\" >\n\t\t\t\tPOREZNA OSLOBO\u0110ENJA PRI STJECANJU NEKRETNINE\t\t\t<\/a>\n\t\t<\/h3>\n\t\t\t\t<div class=\"elementor-post__excerpt\">\n\t\t\t<p>Gra\u0111ani ne pla\u0107aju porez na promet nekretnina ako su:\u00a0\u00a0 kupci prve nekretnine kojom rje\u0161avaju vlastito stambeno pitanje, prognanici i izbjeglice koji stje\u010du nekretnine zamjenom svojih nekretnina u inozemstvu,\u00a0 gra\u0111ani koji kupuju stambenu zgradu ili stan (uklju\u010duju\u0107i i zemlji\u0161te), na kojem su imali stanarsko pravo ili uz suglasnost nositelja stanarskog prava<\/p>\n\t\t<\/div>\n\t\t\n\t\t<a class=\"elementor-post__read-more\" href=\"https:\/\/update2025.svijetkvadrata.hr\/web2024\/porezna-oslobodenja-pri-stjecanju-nekretnine\/\" aria-label=\"Read more about POREZNA OSLOBO\u0110ENJA PRI STJECANJU NEKRETNINE\" tabindex=\"-1\" >\n\t\t\tPro\u010ditajte vi\u0161e \u00bb\t\t<\/a>\n\n\t\t\t\t<\/div>\n\t\t\t\t<div class=\"elementor-post__meta-data\">\n\t\t\t\t\t<span class=\"elementor-post-date\">\n\t\t\t10. studenoga 2016.\t\t<\/span>\n\t\t\t\t<\/div>\n\t\t\t\t\t<\/div>\n\t\t<\/article>\n\t\t\t\t<article class=\"elementor-post elementor-grid-item post-2651 post type-post status-publish format-standard has-post-thumbnail hentry category-vijesti\">\n\t\t\t<div class=\"elementor-post__card\">\n\t\t\t\t<a class=\"elementor-post__thumbnail__link\" href=\"https:\/\/update2025.svijetkvadrata.hr\/web2024\/objavljen-prirucnik-za-procjenu-vrijednosti-nekretnina\/\" tabindex=\"-1\" ><div class=\"elementor-post__thumbnail\"><img decoding=\"async\" width=\"300\" height=\"201\" src=\"https:\/\/update2025.svijetkvadrata.hr\/web2024\/wp-content\/uploads\/2016\/11\/prirucnik-2-300x201.png\" class=\"attachment-medium size-medium wp-image-2653\" alt=\"\" srcset=\"https:\/\/update2025.svijetkvadrata.hr\/web2024\/wp-content\/uploads\/2016\/11\/prirucnik-2-300x201.png 300w, https:\/\/update2025.svijetkvadrata.hr\/web2024\/wp-content\/uploads\/2016\/11\/prirucnik-2.png 666w\" sizes=\"(max-width: 300px) 100vw, 300px\" \/><\/div><\/a>\n\t\t\t\t<div class=\"elementor-post__badge\">Vijesti<\/div>\n\t\t\t\t<div class=\"elementor-post__avatar\">\n\t\t\t\t\t<\/div>\n\t\t\t\t<div class=\"elementor-post__text\">\n\t\t\t\t<h3 class=\"elementor-post__title\">\n\t\t\t<a href=\"https:\/\/update2025.svijetkvadrata.hr\/web2024\/objavljen-prirucnik-za-procjenu-vrijednosti-nekretnina\/\" >\n\t\t\t\tOBJAVLJEN PRIRU\u010cNIK ZA PROCJENU VRIJEDNOSTI NEKRETNINA\t\t\t<\/a>\n\t\t<\/h3>\n\t\t\t\t<div class=\"elementor-post__excerpt\">\n\t\t\t<p>Priru\u010dnik za procjenu vrijednosti nekretnina, koji bi trebao pomo\u0107i vje\u0161tacima u primjeni Zakona o procjeni vrijednosti nekretnina te uvesti red i transparentnost na to tr\u017ei\u0161te, predstavljen je u \u010detvrtak u prostorijama Dru\u0161tva gra\u0111evinskih in\u017eenjera Zagreba, prenosi Tportal. &#8220;U priru\u010dniku, prvom takvom na ovim prostorima, na 460 stranica detaljno se obra\u0111uju<\/p>\n\t\t<\/div>\n\t\t\n\t\t<a class=\"elementor-post__read-more\" href=\"https:\/\/update2025.svijetkvadrata.hr\/web2024\/objavljen-prirucnik-za-procjenu-vrijednosti-nekretnina\/\" aria-label=\"Read more about OBJAVLJEN PRIRU\u010cNIK ZA PROCJENU VRIJEDNOSTI NEKRETNINA\" tabindex=\"-1\" >\n\t\t\tPro\u010ditajte vi\u0161e \u00bb\t\t<\/a>\n\n\t\t\t\t<\/div>\n\t\t\t\t<div class=\"elementor-post__meta-data\">\n\t\t\t\t\t<span class=\"elementor-post-date\">\n\t\t\t10. studenoga 2016.\t\t<\/span>\n\t\t\t\t<\/div>\n\t\t\t\t\t<\/div>\n\t\t<\/article>\n\t\t\t\t<article class=\"elementor-post elementor-grid-item post-2649 post type-post status-publish format-standard has-post-thumbnail hentry category-vijesti\">\n\t\t\t<div class=\"elementor-post__card\">\n\t\t\t\t<a class=\"elementor-post__thumbnail__link\" href=\"https:\/\/update2025.svijetkvadrata.hr\/web2024\/rastu-cijene-stanova-na-jadranu-a-padaju-na-kontinentu\/\" tabindex=\"-1\" ><div class=\"elementor-post__thumbnail\"><img loading=\"lazy\" decoding=\"async\" width=\"300\" height=\"193\" src=\"https:\/\/update2025.svijetkvadrata.hr\/web2024\/wp-content\/uploads\/2016\/11\/kuce-featured-935x600.jpg\" class=\"attachment-medium size-medium wp-image-4382\" alt=\"\" \/><\/div><\/a>\n\t\t\t\t<div class=\"elementor-post__badge\">Vijesti<\/div>\n\t\t\t\t<div class=\"elementor-post__avatar\">\n\t\t\t\t\t<\/div>\n\t\t\t\t<div class=\"elementor-post__text\">\n\t\t\t\t<h3 class=\"elementor-post__title\">\n\t\t\t<a href=\"https:\/\/update2025.svijetkvadrata.hr\/web2024\/rastu-cijene-stanova-na-jadranu-a-padaju-na-kontinentu\/\" >\n\t\t\t\tRASTU CIJENE STANOVA NA JADRANU, A PADAJU NA KONTINENTU\t\t\t<\/a>\n\t\t<\/h3>\n\t\t\t\t<div class=\"elementor-post__excerpt\">\n\t\t\t<p>Cijene nekretnina u Hrvatskoj u rujnu 2016. godine pokazuju neznatan rast prema istom mjesecu pro\u0161le godine, a \u0161estpostotni pad u odnosu na rujan 2011. godine, pokazuje istra\u017eivanje portala Nju\u0161kalo.hr, na kojem je pro\u0161log mjeseca bilo aktivno 169.000 oglasa za nekretnine. Ono \u0161to obilje\u017eava rujan je zaustavljanje trenda pada cijena ku\u0107a<\/p>\n\t\t<\/div>\n\t\t\n\t\t<a class=\"elementor-post__read-more\" href=\"https:\/\/update2025.svijetkvadrata.hr\/web2024\/rastu-cijene-stanova-na-jadranu-a-padaju-na-kontinentu\/\" aria-label=\"Read more about RASTU CIJENE STANOVA NA JADRANU, A PADAJU NA KONTINENTU\" tabindex=\"-1\" >\n\t\t\tPro\u010ditajte vi\u0161e \u00bb\t\t<\/a>\n\n\t\t\t\t<\/div>\n\t\t\t\t<div class=\"elementor-post__meta-data\">\n\t\t\t\t\t<span class=\"elementor-post-date\">\n\t\t\t10. studenoga 2016.\t\t<\/span>\n\t\t\t\t<\/div>\n\t\t\t\t\t<\/div>\n\t\t<\/article>\n\t\t\t\t<\/div>\n\t\t\n\t\t\t\t<\/div>\n\t\t\t\t<\/div>\n\t\t\t\t\t<\/div>\n\t\t<\/div>\n\t\t\t\t\t<\/div>\n\t\t<\/section>\n\t\t\t\t<\/div>\n\t\t","protected":false},"excerpt":{"rendered":"","protected":false},"author":10,"featured_media":0,"parent":0,"menu_order":0,"comment_status":"closed","ping_status":"closed","template":"","meta":{"footnotes":""},"coauthors":[897],"yoast_head":"<!-- This site is optimized with the Yoast SEO plugin v22.0 - https:\/\/yoast.com\/wordpress\/plugins\/seo\/ -->\n<title>Vijesti - Svijet Kvadrata<\/title>\n<meta name=\"robots\" content=\"noindex, follow, max-snippet:-1, max-image-preview:large, max-video-preview:-1\" \/>\n<meta property=\"og:locale\" content=\"hr_HR\" \/>\n<meta property=\"og:type\" content=\"article\" \/>\n<meta property=\"og:title\" content=\"Vijesti - Svijet Kvadrata\" \/>\n<meta property=\"og:url\" content=\"https:\/\/update2025.svijetkvadrata.hr\/web2024\/vijesti\/\" \/>\n<meta property=\"og:site_name\" content=\"Svijet Kvadrata\" \/>\n<meta property=\"article:modified_time\" content=\"2024-01-30T12:39:34+00:00\" \/>\n<meta name=\"twitter:card\" content=\"summary_large_image\" \/>\n<meta name=\"twitter:label1\" content=\"Written by\" \/>\n\t<meta name=\"twitter:data1\" content=\"Svijet Kvadrata\" \/>\n<script type=\"application\/ld+json\" class=\"yoast-schema-graph\">{\"@context\":\"https:\/\/schema.org\",\"@graph\":[{\"@type\":\"WebPage\",\"@id\":\"https:\/\/update2025.svijetkvadrata.hr\/web2024\/vijesti\/\",\"url\":\"https:\/\/update2025.svijetkvadrata.hr\/web2024\/vijesti\/\",\"name\":\"Vijesti - Svijet Kvadrata\",\"isPartOf\":{\"@id\":\"https:\/\/update2025.svijetkvadrata.hr\/web2024\/#website\"},\"datePublished\":\"2024-01-22T11:40:29+00:00\",\"dateModified\":\"2024-01-30T12:39:34+00:00\",\"breadcrumb\":{\"@id\":\"https:\/\/update2025.svijetkvadrata.hr\/web2024\/vijesti\/#breadcrumb\"},\"inLanguage\":\"hr\",\"potentialAction\":[{\"@type\":\"ReadAction\",\"target\":[\"https:\/\/update2025.svijetkvadrata.hr\/web2024\/vijesti\/\"]}]},{\"@type\":\"BreadcrumbList\",\"@id\":\"https:\/\/update2025.svijetkvadrata.hr\/web2024\/vijesti\/#breadcrumb\",\"itemListElement\":[{\"@type\":\"ListItem\",\"position\":1,\"name\":\"Po\u010detna stranica\",\"item\":\"https:\/\/update2025.svijetkvadrata.hr\/web2024\/\"},{\"@type\":\"ListItem\",\"position\":2,\"name\":\"Vijesti\"}]},{\"@type\":\"WebSite\",\"@id\":\"https:\/\/update2025.svijetkvadrata.hr\/web2024\/#website\",\"url\":\"https:\/\/update2025.svijetkvadrata.hr\/web2024\/\",\"name\":\"Svijet Kvadrata\",\"description\":\"Agencija za nekretnine\",\"potentialAction\":[{\"@type\":\"SearchAction\",\"target\":{\"@type\":\"EntryPoint\",\"urlTemplate\":\"https:\/\/update2025.svijetkvadrata.hr\/web2024\/?s={search_term_string}\"},\"query-input\":\"required name=search_term_string\"}],\"inLanguage\":\"hr\"}]}<\/script>\n<!-- \/ Yoast SEO plugin. -->","yoast_head_json":{"title":"Vijesti - Svijet Kvadrata","robots":{"index":"noindex","follow":"follow","max-snippet":"max-snippet:-1","max-image-preview":"max-image-preview:large","max-video-preview":"max-video-preview:-1"},"og_locale":"hr_HR","og_type":"article","og_title":"Vijesti - Svijet Kvadrata","og_url":"https:\/\/update2025.svijetkvadrata.hr\/web2024\/vijesti\/","og_site_name":"Svijet Kvadrata","article_modified_time":"2024-01-30T12:39:34+00:00","twitter_card":"summary_large_image","twitter_misc":{"Written by":"Svijet Kvadrata"},"schema":{"@context":"https:\/\/schema.org","@graph":[{"@type":"WebPage","@id":"https:\/\/update2025.svijetkvadrata.hr\/web2024\/vijesti\/","url":"https:\/\/update2025.svijetkvadrata.hr\/web2024\/vijesti\/","name":"Vijesti - Svijet Kvadrata","isPartOf":{"@id":"https:\/\/update2025.svijetkvadrata.hr\/web2024\/#website"},"datePublished":"2024-01-22T11:40:29+00:00","dateModified":"2024-01-30T12:39:34+00:00","breadcrumb":{"@id":"https:\/\/update2025.svijetkvadrata.hr\/web2024\/vijesti\/#breadcrumb"},"inLanguage":"hr","potentialAction":[{"@type":"ReadAction","target":["https:\/\/update2025.svijetkvadrata.hr\/web2024\/vijesti\/"]}]},{"@type":"BreadcrumbList","@id":"https:\/\/update2025.svijetkvadrata.hr\/web2024\/vijesti\/#breadcrumb","itemListElement":[{"@type":"ListItem","position":1,"name":"Po\u010detna stranica","item":"https:\/\/update2025.svijetkvadrata.hr\/web2024\/"},{"@type":"ListItem","position":2,"name":"Vijesti"}]},{"@type":"WebSite","@id":"https:\/\/update2025.svijetkvadrata.hr\/web2024\/#website","url":"https:\/\/update2025.svijetkvadrata.hr\/web2024\/","name":"Svijet Kvadrata","description":"Agencija za nekretnine","potentialAction":[{"@type":"SearchAction","target":{"@type":"EntryPoint","urlTemplate":"https:\/\/update2025.svijetkvadrata.hr\/web2024\/?s={search_term_string}"},"query-input":"required name=search_term_string"}],"inLanguage":"hr"}]}},"_links":{"self":[{"href":"https:\/\/update2025.svijetkvadrata.hr\/web2024\/wp-json\/wp\/v2\/pages\/18265"}],"collection":[{"href":"https:\/\/update2025.svijetkvadrata.hr\/web2024\/wp-json\/wp\/v2\/pages"}],"about":[{"href":"https:\/\/update2025.svijetkvadrata.hr\/web2024\/wp-json\/wp\/v2\/types\/page"}],"author":[{"embeddable":true,"href":"https:\/\/update2025.svijetkvadrata.hr\/web2024\/wp-json\/wp\/v2\/users\/10"}],"replies":[{"embeddable":true,"href":"https:\/\/update2025.svijetkvadrata.hr\/web2024\/wp-json\/wp\/v2\/comments?post=18265"}],"version-history":[{"count":0,"href":"https:\/\/update2025.svijetkvadrata.hr\/web2024\/wp-json\/wp\/v2\/pages\/18265\/revisions"}],"wp:attachment":[{"href":"https:\/\/update2025.svijetkvadrata.hr\/web2024\/wp-json\/wp\/v2\/media?parent=18265"}],"wp:term":[{"taxonomy":"author","embeddable":true,"href":"https:\/\/update2025.svijetkvadrata.hr\/web2024\/wp-json\/wp\/v2\/coauthors?post=18265"}],"curies":[{"name":"wp","href":"https:\/\/api.w.org\/{rel}","templated":true}]}}