{"id":2630,"date":"2016-11-09T16:45:53","date_gmt":"2016-11-09T15:45:53","guid":{"rendered":"https:\/\/update2025.svijetkvadrata.hr\/web2024\/?page_id=2630"},"modified":"2019-11-12T17:39:18","modified_gmt":"2019-11-12T16:39:18","slug":"misija-vizija","status":"publish","type":"page","link":"https:\/\/update2025.svijetkvadrata.hr\/web2024\/o-nama\/misija-vizija\/","title":{"rendered":"Misija &#038; Vizija"},"content":{"rendered":"<h2 style=\"text-align: justify;\">Na\u0161a misija i vizija<\/h2>\n<p style=\"text-align: justify;\"><strong>Na\u0161a misija<\/strong><br \/>\nStvaramo okru\u017eenje povjerenja, suradnje i me\u0111usobnog uva\u017eavanja s na\u0161im klijentima u kojemu na\u0161a rje\u0161enja, usluge i aplikacije zadovoljavaju kriterije kvalitete, pouzdanosti, prilagodljivosti i inovativnosti. \u017delimo osigurati i zadr\u017eati visoku kvalitetu usluga uz stalan proces pobolj\u0161anja istih.<\/p>\n<p style=\"text-align: justify;\"><strong>Na\u0161a vizija<\/strong><br \/>\n\u017delimo da nas klijenti, partneri i dru\u0161tvo u Hrvatskoj prepoznaju kao najstru\u010dnije, najpouzdanije i najkvalitetnije poduze\u0107e na podru\u010dju poslova u prometu nekretnina.<\/p>\n","protected":false},"excerpt":{"rendered":"<p>Na\u0161a misija i vizija Na\u0161a misija Stvaramo okru\u017eenje povjerenja, suradnje i me\u0111usobnog uva\u017eavanja s na\u0161im klijentima u kojemu na\u0161a rje\u0161enja, usluge i aplikacije zadovoljavaju kriterije kvalitete, pouzdanosti, prilagodljivosti i inovativnosti. \u017delimo osigurati i zadr\u017eati visoku kvalitetu usluga uz stalan proces pobolj\u0161anja istih. Na\u0161a vizija \u017delimo da nas klijenti, partneri i dru\u0161tvo u Hrvatskoj prepoznaju kao [&hellip;]<\/p>\n","protected":false},"author":5,"featured_media":0,"parent":2699,"menu_order":0,"comment_status":"closed","ping_status":"closed","template":"","meta":{"footnotes":""},"coauthors":[336],"yoast_head":"<!-- This site is optimized with the Yoast SEO plugin v22.0 - https:\/\/yoast.com\/wordpress\/plugins\/seo\/ -->\n<title>Svijet Kvadrata - Misija &amp; Vizija<\/title>\n<meta name=\"description\" content=\"Misija i Vizija agencije Svijet Kvadrata je da budemo prepoznati kao najstru\u010dnije, najpouzdanije i najkvalitetnije poduze\u0107e na podru\u010dju poslova u prometu nekretnina.\" \/>\n<meta name=\"robots\" content=\"noindex, follow, max-snippet:-1, max-image-preview:large, max-video-preview:-1\" \/>\n<meta property=\"og:locale\" content=\"hr_HR\" \/>\n<meta property=\"og:type\" content=\"article\" \/>\n<meta property=\"og:title\" content=\"Svijet Kvadrata - Misija &amp; Vizija\" \/>\n<meta property=\"og:description\" content=\"Misija i Vizija agencije Svijet Kvadrata je da budemo prepoznati kao najstru\u010dnije, najpouzdanije i najkvalitetnije poduze\u0107e na podru\u010dju poslova u prometu nekretnina.\" \/>\n<meta property=\"og:url\" content=\"https:\/\/update2025.svijetkvadrata.hr\/web2024\/o-nama\/misija-vizija\/\" \/>\n<meta property=\"og:site_name\" content=\"Svijet Kvadrata\" \/>\n<meta property=\"article:modified_time\" content=\"2019-11-12T16:39:18+00:00\" \/>\n<meta name=\"twitter:card\" content=\"summary_large_image\" \/>\n<meta name=\"twitter:label1\" content=\"Written by\" \/>\n\t<meta name=\"twitter:data1\" content=\"Svijet Kvadrata\" \/>\n<script type=\"application\/ld+json\" class=\"yoast-schema-graph\">{\"@context\":\"https:\/\/schema.org\",\"@graph\":[{\"@type\":\"WebPage\",\"@id\":\"https:\/\/update2025.svijetkvadrata.hr\/web2024\/o-nama\/misija-vizija\/\",\"url\":\"https:\/\/update2025.svijetkvadrata.hr\/web2024\/o-nama\/misija-vizija\/\",\"name\":\"Svijet Kvadrata - Misija & Vizija\",\"isPartOf\":{\"@id\":\"https:\/\/update2025.svijetkvadrata.hr\/web2024\/#website\"},\"datePublished\":\"2016-11-09T15:45:53+00:00\",\"dateModified\":\"2019-11-12T16:39:18+00:00\",\"description\":\"Misija i Vizija agencije Svijet Kvadrata je da budemo prepoznati kao najstru\u010dnije, najpouzdanije i najkvalitetnije poduze\u0107e na podru\u010dju poslova u prometu nekretnina.\",\"breadcrumb\":{\"@id\":\"https:\/\/update2025.svijetkvadrata.hr\/web2024\/o-nama\/misija-vizija\/#breadcrumb\"},\"inLanguage\":\"hr\",\"potentialAction\":[{\"@type\":\"ReadAction\",\"target\":[\"https:\/\/update2025.svijetkvadrata.hr\/web2024\/o-nama\/misija-vizija\/\"]}]},{\"@type\":\"BreadcrumbList\",\"@id\":\"https:\/\/update2025.svijetkvadrata.hr\/web2024\/o-nama\/misija-vizija\/#breadcrumb\",\"itemListElement\":[{\"@type\":\"ListItem\",\"position\":1,\"name\":\"Po\u010detna stranica\",\"item\":\"https:\/\/update2025.svijetkvadrata.hr\/web2024\/\"},{\"@type\":\"ListItem\",\"position\":2,\"name\":\"O nama\",\"item\":\"https:\/\/update2025.svijetkvadrata.hr\/web2024\/o-nama\/\"},{\"@type\":\"ListItem\",\"position\":3,\"name\":\"Misija &#038; Vizija\"}]},{\"@type\":\"WebSite\",\"@id\":\"https:\/\/update2025.svijetkvadrata.hr\/web2024\/#website\",\"url\":\"https:\/\/update2025.svijetkvadrata.hr\/web2024\/\",\"name\":\"Svijet Kvadrata\",\"description\":\"Agencija za nekretnine\",\"potentialAction\":[{\"@type\":\"SearchAction\",\"target\":{\"@type\":\"EntryPoint\",\"urlTemplate\":\"https:\/\/update2025.svijetkvadrata.hr\/web2024\/?s={search_term_string}\"},\"query-input\":\"required name=search_term_string\"}],\"inLanguage\":\"hr\"}]}<\/script>\n<!-- \/ Yoast SEO plugin. -->","yoast_head_json":{"title":"Svijet Kvadrata - Misija & Vizija","description":"Misija i Vizija agencije Svijet Kvadrata je da budemo prepoznati kao najstru\u010dnije, najpouzdanije i najkvalitetnije poduze\u0107e na podru\u010dju poslova u prometu nekretnina.","robots":{"index":"noindex","follow":"follow","max-snippet":"max-snippet:-1","max-image-preview":"max-image-preview:large","max-video-preview":"max-video-preview:-1"},"og_locale":"hr_HR","og_type":"article","og_title":"Svijet Kvadrata - Misija & Vizija","og_description":"Misija i Vizija agencije Svijet Kvadrata je da budemo prepoznati kao najstru\u010dnije, najpouzdanije i najkvalitetnije poduze\u0107e na podru\u010dju poslova u prometu nekretnina.","og_url":"https:\/\/update2025.svijetkvadrata.hr\/web2024\/o-nama\/misija-vizija\/","og_site_name":"Svijet Kvadrata","article_modified_time":"2019-11-12T16:39:18+00:00","twitter_card":"summary_large_image","twitter_misc":{"Written by":"Svijet Kvadrata"},"schema":{"@context":"https:\/\/schema.org","@graph":[{"@type":"WebPage","@id":"https:\/\/update2025.svijetkvadrata.hr\/web2024\/o-nama\/misija-vizija\/","url":"https:\/\/update2025.svijetkvadrata.hr\/web2024\/o-nama\/misija-vizija\/","name":"Svijet Kvadrata - Misija & Vizija","isPartOf":{"@id":"https:\/\/update2025.svijetkvadrata.hr\/web2024\/#website"},"datePublished":"2016-11-09T15:45:53+00:00","dateModified":"2019-11-12T16:39:18+00:00","description":"Misija i Vizija agencije Svijet Kvadrata je da budemo prepoznati kao najstru\u010dnije, najpouzdanije i najkvalitetnije poduze\u0107e na podru\u010dju poslova u prometu nekretnina.","breadcrumb":{"@id":"https:\/\/update2025.svijetkvadrata.hr\/web2024\/o-nama\/misija-vizija\/#breadcrumb"},"inLanguage":"hr","potentialAction":[{"@type":"ReadAction","target":["https:\/\/update2025.svijetkvadrata.hr\/web2024\/o-nama\/misija-vizija\/"]}]},{"@type":"BreadcrumbList","@id":"https:\/\/update2025.svijetkvadrata.hr\/web2024\/o-nama\/misija-vizija\/#breadcrumb","itemListElement":[{"@type":"ListItem","position":1,"name":"Po\u010detna stranica","item":"https:\/\/update2025.svijetkvadrata.hr\/web2024\/"},{"@type":"ListItem","position":2,"name":"O nama","item":"https:\/\/update2025.svijetkvadrata.hr\/web2024\/o-nama\/"},{"@type":"ListItem","position":3,"name":"Misija &#038; Vizija"}]},{"@type":"WebSite","@id":"https:\/\/update2025.svijetkvadrata.hr\/web2024\/#website","url":"https:\/\/update2025.svijetkvadrata.hr\/web2024\/","name":"Svijet Kvadrata","description":"Agencija za nekretnine","potentialAction":[{"@type":"SearchAction","target":{"@type":"EntryPoint","urlTemplate":"https:\/\/update2025.svijetkvadrata.hr\/web2024\/?s={search_term_string}"},"query-input":"required name=search_term_string"}],"inLanguage":"hr"}]}},"_links":{"self":[{"href":"https:\/\/update2025.svijetkvadrata.hr\/web2024\/wp-json\/wp\/v2\/pages\/2630"}],"collection":[{"href":"https:\/\/update2025.svijetkvadrata.hr\/web2024\/wp-json\/wp\/v2\/pages"}],"about":[{"href":"https:\/\/update2025.svijetkvadrata.hr\/web2024\/wp-json\/wp\/v2\/types\/page"}],"author":[{"embeddable":true,"href":"https:\/\/update2025.svijetkvadrata.hr\/web2024\/wp-json\/wp\/v2\/users\/5"}],"replies":[{"embeddable":true,"href":"https:\/\/update2025.svijetkvadrata.hr\/web2024\/wp-json\/wp\/v2\/comments?post=2630"}],"version-history":[{"count":0,"href":"https:\/\/update2025.svijetkvadrata.hr\/web2024\/wp-json\/wp\/v2\/pages\/2630\/revisions"}],"up":[{"embeddable":true,"href":"https:\/\/update2025.svijetkvadrata.hr\/web2024\/wp-json\/wp\/v2\/pages\/2699"}],"wp:attachment":[{"href":"https:\/\/update2025.svijetkvadrata.hr\/web2024\/wp-json\/wp\/v2\/media?parent=2630"}],"wp:term":[{"taxonomy":"author","embeddable":true,"href":"https:\/\/update2025.svijetkvadrata.hr\/web2024\/wp-json\/wp\/v2\/coauthors?post=2630"}],"curies":[{"name":"wp","href":"https:\/\/api.w.org\/{rel}","templated":true}]}}