{"id":2638,"date":"2016-11-10T12:52:24","date_gmt":"2016-11-10T11:52:24","guid":{"rendered":"https:\/\/update2025.svijetkvadrata.hr\/web2024\/?page_id=2638"},"modified":"2019-11-12T17:43:51","modified_gmt":"2019-11-12T16:43:51","slug":"tko-smo","status":"publish","type":"page","link":"https:\/\/update2025.svijetkvadrata.hr\/web2024\/o-nama\/tko-smo\/","title":{"rendered":"Tko smo"},"content":{"rendered":"<h2 style=\"text-align: justify;\">Tko smo?<\/h2>\n<p style=\"text-align: justify;\">Agencija SVIJET KVADRATA d.o.o. je licencirana agencija za posredovanje u prometu nekretnina osnovana 2015. godine. Temeljem Zakona o posredovanju u prometu nekretnina i Pravilnika o registru posrednika u prometu nekretnina, agencija SVIJET KVADRATA d.o.o. upisana je u Registar posrednika u prometu nekretnina pri Hrvatskoj gospodarskoj komori.<\/p>\n<p style=\"text-align: justify;\">Mi smo tim educiranih i licenciranih agenata upisanih u Imenik agenata posredovanja u prometu nekretnina pri Hrvatskoj gospodarskoj komori.<\/p>\n<p style=\"text-align: justify;\"><a href=\"http:\/\/posredovanje.hgk.hr\/posredovanje\/\"><img decoding=\"async\" class=\"aligncenter wp-image-2709\" src=\"https:\/\/update2025.svijetkvadrata.hr\/web2024\/wp-content\/uploads\/2016\/11\/hgk-logo-207x300.jpg\" alt=\"hgk-logo\" width=\"103\" height=\"150\" srcset=\"https:\/\/update2025.svijetkvadrata.hr\/web2024\/wp-content\/uploads\/2016\/11\/hgk-logo-207x300.jpg 207w, https:\/\/update2025.svijetkvadrata.hr\/web2024\/wp-content\/uploads\/2016\/11\/hgk-logo.jpg 407w\" sizes=\"(max-width: 103px) 100vw, 103px\" \/><\/a><\/p>\n<p style=\"text-align: justify;\">Posredujemo kod prodaje, najma i zakupa Va\u0161e nekretnine i za Vas tra\u017eimo nekretninu prema Va\u0161im financijskim mogu\u0107nostima, kriterijima i \u017eeljama. Na\u0161 cilj je pru\u017eanje najkvalitetnije usluge, zadovoljstvo i sigurnost na\u0161ih klijenata.<\/p>\n","protected":false},"excerpt":{"rendered":"<p>Tko smo? Agencija SVIJET KVADRATA d.o.o. je licencirana agencija za posredovanje u prometu nekretnina osnovana 2015. godine. Temeljem Zakona o posredovanju u prometu nekretnina i Pravilnika o registru posrednika u prometu nekretnina, agencija SVIJET KVADRATA d.o.o. upisana je u Registar posrednika u prometu nekretnina pri Hrvatskoj gospodarskoj komori. Mi smo tim educiranih i licenciranih agenata [&hellip;]<\/p>\n","protected":false},"author":5,"featured_media":0,"parent":2699,"menu_order":0,"comment_status":"closed","ping_status":"closed","template":"","meta":{"footnotes":""},"coauthors":[336],"yoast_head":"<!-- This site is optimized with the Yoast SEO plugin v22.0 - https:\/\/yoast.com\/wordpress\/plugins\/seo\/ -->\n<title>Tko smo - Svijet Kvadrata<\/title>\n<meta name=\"description\" content=\"Agencija SVIJET KVADRATA d.o.o. je licencirana agencija za posredovanje u prometu nekretnina. Mi smo tim educiranih i licenciranih agenata. Posredujemo kod prodaje, najma i zakupa Va\u0161e nekretnine i za Vas tra\u017eimo nekretninu prema Va\u0161im financijskim mogu\u0107nostima, kriterijima i \u017eeljama. Na\u0161 cilj je pru\u017eanje najkvalitetnije usluge, zadovoljstvo i sigurnost na\u0161ih klijenata.\" \/>\n<meta name=\"robots\" content=\"noindex, follow, max-snippet:-1, max-image-preview:large, max-video-preview:-1\" \/>\n<meta property=\"og:locale\" content=\"hr_HR\" \/>\n<meta property=\"og:type\" content=\"article\" \/>\n<meta property=\"og:title\" content=\"Tko smo - Svijet Kvadrata\" \/>\n<meta property=\"og:description\" content=\"Agencija SVIJET KVADRATA d.o.o. je licencirana agencija za posredovanje u prometu nekretnina. Mi smo tim educiranih i licenciranih agenata. Posredujemo kod prodaje, najma i zakupa Va\u0161e nekretnine i za Vas tra\u017eimo nekretninu prema Va\u0161im financijskim mogu\u0107nostima, kriterijima i \u017eeljama. Na\u0161 cilj je pru\u017eanje najkvalitetnije usluge, zadovoljstvo i sigurnost na\u0161ih klijenata.\" \/>\n<meta property=\"og:url\" content=\"https:\/\/update2025.svijetkvadrata.hr\/web2024\/o-nama\/tko-smo\/\" \/>\n<meta property=\"og:site_name\" content=\"Svijet Kvadrata\" \/>\n<meta property=\"article:modified_time\" content=\"2019-11-12T16:43:51+00:00\" \/>\n<meta property=\"og:image\" content=\"https:\/\/update2025.svijetkvadrata.hr\/web2024\/wp-content\/uploads\/2016\/11\/hgk-logo-207x300.jpg\" \/>\n<meta name=\"twitter:card\" content=\"summary_large_image\" \/>\n<meta name=\"twitter:label1\" content=\"Procijenjeno vrijeme \u010ditanja\" \/>\n\t<meta name=\"twitter:data1\" content=\"1 minuta\" \/>\n\t<meta name=\"twitter:label2\" content=\"Written by\" \/>\n\t<meta name=\"twitter:data2\" content=\"Svijet Kvadrata\" \/>\n<script type=\"application\/ld+json\" class=\"yoast-schema-graph\">{\"@context\":\"https:\/\/schema.org\",\"@graph\":[{\"@type\":\"WebPage\",\"@id\":\"https:\/\/update2025.svijetkvadrata.hr\/web2024\/o-nama\/tko-smo\/\",\"url\":\"https:\/\/update2025.svijetkvadrata.hr\/web2024\/o-nama\/tko-smo\/\",\"name\":\"Tko smo - Svijet Kvadrata\",\"isPartOf\":{\"@id\":\"https:\/\/update2025.svijetkvadrata.hr\/web2024\/#website\"},\"datePublished\":\"2016-11-10T11:52:24+00:00\",\"dateModified\":\"2019-11-12T16:43:51+00:00\",\"description\":\"Agencija SVIJET KVADRATA d.o.o. je licencirana agencija za posredovanje u prometu nekretnina. Mi smo tim educiranih i licenciranih agenata. Posredujemo kod prodaje, najma i zakupa Va\u0161e nekretnine i za Vas tra\u017eimo nekretninu prema Va\u0161im financijskim mogu\u0107nostima, kriterijima i \u017eeljama. Na\u0161 cilj je pru\u017eanje najkvalitetnije usluge, zadovoljstvo i sigurnost na\u0161ih klijenata.\",\"breadcrumb\":{\"@id\":\"https:\/\/update2025.svijetkvadrata.hr\/web2024\/o-nama\/tko-smo\/#breadcrumb\"},\"inLanguage\":\"hr\",\"potentialAction\":[{\"@type\":\"ReadAction\",\"target\":[\"https:\/\/update2025.svijetkvadrata.hr\/web2024\/o-nama\/tko-smo\/\"]}]},{\"@type\":\"BreadcrumbList\",\"@id\":\"https:\/\/update2025.svijetkvadrata.hr\/web2024\/o-nama\/tko-smo\/#breadcrumb\",\"itemListElement\":[{\"@type\":\"ListItem\",\"position\":1,\"name\":\"Po\u010detna stranica\",\"item\":\"https:\/\/update2025.svijetkvadrata.hr\/web2024\/\"},{\"@type\":\"ListItem\",\"position\":2,\"name\":\"O nama\",\"item\":\"https:\/\/update2025.svijetkvadrata.hr\/web2024\/o-nama\/\"},{\"@type\":\"ListItem\",\"position\":3,\"name\":\"Tko smo\"}]},{\"@type\":\"WebSite\",\"@id\":\"https:\/\/update2025.svijetkvadrata.hr\/web2024\/#website\",\"url\":\"https:\/\/update2025.svijetkvadrata.hr\/web2024\/\",\"name\":\"Svijet Kvadrata\",\"description\":\"Agencija za nekretnine\",\"potentialAction\":[{\"@type\":\"SearchAction\",\"target\":{\"@type\":\"EntryPoint\",\"urlTemplate\":\"https:\/\/update2025.svijetkvadrata.hr\/web2024\/?s={search_term_string}\"},\"query-input\":\"required name=search_term_string\"}],\"inLanguage\":\"hr\"}]}<\/script>\n<!-- \/ Yoast SEO plugin. -->","yoast_head_json":{"title":"Tko smo - Svijet Kvadrata","description":"Agencija SVIJET KVADRATA d.o.o. je licencirana agencija za posredovanje u prometu nekretnina. Mi smo tim educiranih i licenciranih agenata. Posredujemo kod prodaje, najma i zakupa Va\u0161e nekretnine i za Vas tra\u017eimo nekretninu prema Va\u0161im financijskim mogu\u0107nostima, kriterijima i \u017eeljama. Na\u0161 cilj je pru\u017eanje najkvalitetnije usluge, zadovoljstvo i sigurnost na\u0161ih klijenata.","robots":{"index":"noindex","follow":"follow","max-snippet":"max-snippet:-1","max-image-preview":"max-image-preview:large","max-video-preview":"max-video-preview:-1"},"og_locale":"hr_HR","og_type":"article","og_title":"Tko smo - Svijet Kvadrata","og_description":"Agencija SVIJET KVADRATA d.o.o. je licencirana agencija za posredovanje u prometu nekretnina. Mi smo tim educiranih i licenciranih agenata. Posredujemo kod prodaje, najma i zakupa Va\u0161e nekretnine i za Vas tra\u017eimo nekretninu prema Va\u0161im financijskim mogu\u0107nostima, kriterijima i \u017eeljama. Na\u0161 cilj je pru\u017eanje najkvalitetnije usluge, zadovoljstvo i sigurnost na\u0161ih klijenata.","og_url":"https:\/\/update2025.svijetkvadrata.hr\/web2024\/o-nama\/tko-smo\/","og_site_name":"Svijet Kvadrata","article_modified_time":"2019-11-12T16:43:51+00:00","og_image":[{"url":"https:\/\/update2025.svijetkvadrata.hr\/web2024\/wp-content\/uploads\/2016\/11\/hgk-logo-207x300.jpg"}],"twitter_card":"summary_large_image","twitter_misc":{"Procijenjeno vrijeme \u010ditanja":"1 minuta","Written by":"Svijet Kvadrata"},"schema":{"@context":"https:\/\/schema.org","@graph":[{"@type":"WebPage","@id":"https:\/\/update2025.svijetkvadrata.hr\/web2024\/o-nama\/tko-smo\/","url":"https:\/\/update2025.svijetkvadrata.hr\/web2024\/o-nama\/tko-smo\/","name":"Tko smo - Svijet Kvadrata","isPartOf":{"@id":"https:\/\/update2025.svijetkvadrata.hr\/web2024\/#website"},"datePublished":"2016-11-10T11:52:24+00:00","dateModified":"2019-11-12T16:43:51+00:00","description":"Agencija SVIJET KVADRATA d.o.o. je licencirana agencija za posredovanje u prometu nekretnina. Mi smo tim educiranih i licenciranih agenata. Posredujemo kod prodaje, najma i zakupa Va\u0161e nekretnine i za Vas tra\u017eimo nekretninu prema Va\u0161im financijskim mogu\u0107nostima, kriterijima i \u017eeljama. Na\u0161 cilj je pru\u017eanje najkvalitetnije usluge, zadovoljstvo i sigurnost na\u0161ih klijenata.","breadcrumb":{"@id":"https:\/\/update2025.svijetkvadrata.hr\/web2024\/o-nama\/tko-smo\/#breadcrumb"},"inLanguage":"hr","potentialAction":[{"@type":"ReadAction","target":["https:\/\/update2025.svijetkvadrata.hr\/web2024\/o-nama\/tko-smo\/"]}]},{"@type":"BreadcrumbList","@id":"https:\/\/update2025.svijetkvadrata.hr\/web2024\/o-nama\/tko-smo\/#breadcrumb","itemListElement":[{"@type":"ListItem","position":1,"name":"Po\u010detna stranica","item":"https:\/\/update2025.svijetkvadrata.hr\/web2024\/"},{"@type":"ListItem","position":2,"name":"O nama","item":"https:\/\/update2025.svijetkvadrata.hr\/web2024\/o-nama\/"},{"@type":"ListItem","position":3,"name":"Tko smo"}]},{"@type":"WebSite","@id":"https:\/\/update2025.svijetkvadrata.hr\/web2024\/#website","url":"https:\/\/update2025.svijetkvadrata.hr\/web2024\/","name":"Svijet Kvadrata","description":"Agencija za nekretnine","potentialAction":[{"@type":"SearchAction","target":{"@type":"EntryPoint","urlTemplate":"https:\/\/update2025.svijetkvadrata.hr\/web2024\/?s={search_term_string}"},"query-input":"required name=search_term_string"}],"inLanguage":"hr"}]}},"_links":{"self":[{"href":"https:\/\/update2025.svijetkvadrata.hr\/web2024\/wp-json\/wp\/v2\/pages\/2638"}],"collection":[{"href":"https:\/\/update2025.svijetkvadrata.hr\/web2024\/wp-json\/wp\/v2\/pages"}],"about":[{"href":"https:\/\/update2025.svijetkvadrata.hr\/web2024\/wp-json\/wp\/v2\/types\/page"}],"author":[{"embeddable":true,"href":"https:\/\/update2025.svijetkvadrata.hr\/web2024\/wp-json\/wp\/v2\/users\/5"}],"replies":[{"embeddable":true,"href":"https:\/\/update2025.svijetkvadrata.hr\/web2024\/wp-json\/wp\/v2\/comments?post=2638"}],"version-history":[{"count":0,"href":"https:\/\/update2025.svijetkvadrata.hr\/web2024\/wp-json\/wp\/v2\/pages\/2638\/revisions"}],"up":[{"embeddable":true,"href":"https:\/\/update2025.svijetkvadrata.hr\/web2024\/wp-json\/wp\/v2\/pages\/2699"}],"wp:attachment":[{"href":"https:\/\/update2025.svijetkvadrata.hr\/web2024\/wp-json\/wp\/v2\/media?parent=2638"}],"wp:term":[{"taxonomy":"author","embeddable":true,"href":"https:\/\/update2025.svijetkvadrata.hr\/web2024\/wp-json\/wp\/v2\/coauthors?post=2638"}],"curies":[{"name":"wp","href":"https:\/\/api.w.org\/{rel}","templated":true}]}}