{"id":4317,"date":"2019-11-12T16:45:19","date_gmt":"2019-11-12T15:45:19","guid":{"rendered":"https:\/\/update2025.svijetkvadrata.hr\/web2024\/?page_id=4317"},"modified":"2019-11-24T14:56:20","modified_gmt":"2019-11-24T13:56:20","slug":"nase-usluge","status":"publish","type":"page","link":"https:\/\/update2025.svijetkvadrata.hr\/web2024\/o-nama\/nase-usluge\/","title":{"rendered":"Na\u0161e usluge"},"content":{"rendered":"<h2 style=\"text-align: justify;\">Na\u0161e usluge<\/h2>\n<p style=\"text-align: justify;\">Agencija SVIJET KVADRATA d.o.o. je licencirana agencija za posredovanje u prometu nekretnina osnovana 2015. godine. Za Vas tra\u017eimo nekretninu prema Va\u0161im financijskim mogu\u0107nostima, kriterijima i \u017eeljama.<\/p>\n<p><strong>Na\u0161e usluge su:<\/strong><\/p>\n<ul>\n<li>Posredovanje kod prodaje, prodaje, najma i zakupa Va\u0161e nekretnine<\/li>\n<li>Savjetovanje<\/li>\n<li>Analiza tr\u017ei\u0161ta<\/li>\n<li>Procjene<\/li>\n<li>Energetsko certificiranje<\/li>\n<li>Eta\u017eiranje<\/li>\n<li>Legalizacija<\/li>\n<li>Pravne usluge<\/li>\n<\/ul>\n<p style=\"text-align: justify;\">Na\u0161 cilj je pru\u017eanje najkvalitetnije usluge, zadovoljstvo i sigurnost na\u0161ih klijenata.<\/p>\n<p style=\"text-align: justify;\">Obratite nam se s povjerenjem!<\/p>\n<p style=\"text-align: justify;\">\n","protected":false},"excerpt":{"rendered":"<p>Na\u0161e usluge Agencija SVIJET KVADRATA d.o.o. je licencirana agencija za posredovanje u prometu nekretnina osnovana 2015. godine. Za Vas tra\u017eimo nekretninu prema Va\u0161im financijskim mogu\u0107nostima, kriterijima i \u017eeljama. Na\u0161e usluge su: Posredovanje kod prodaje, prodaje, najma i zakupa Va\u0161e nekretnine Savjetovanje Analiza tr\u017ei\u0161ta Procjene Energetsko certificiranje Eta\u017eiranje Legalizacija Pravne usluge Na\u0161 cilj je pru\u017eanje najkvalitetnije [&hellip;]<\/p>\n","protected":false},"author":10,"featured_media":0,"parent":2699,"menu_order":0,"comment_status":"closed","ping_status":"closed","template":"","meta":{"footnotes":""},"coauthors":[897],"yoast_head":"<!-- This site is optimized with the Yoast SEO plugin v22.0 - https:\/\/yoast.com\/wordpress\/plugins\/seo\/ -->\n<title>Na\u0161e usluge - Svijet Kvadrata<\/title>\n<meta name=\"description\" content=\"Na\u0161e usluge su: Posredovanje u prometu nekretnina, Savjetovanje, Analiza tr\u017ei\u0161ta, Procjene, Energetsko certificiranje, Eta\u017eiranje, Legalizacija, Pravne usluge\" \/>\n<meta name=\"robots\" content=\"noindex, follow, max-snippet:-1, max-image-preview:large, max-video-preview:-1\" \/>\n<meta property=\"og:locale\" content=\"hr_HR\" \/>\n<meta property=\"og:type\" content=\"article\" \/>\n<meta property=\"og:title\" content=\"Na\u0161e usluge - Svijet Kvadrata\" \/>\n<meta property=\"og:description\" content=\"Na\u0161e usluge su: Posredovanje u prometu nekretnina, Savjetovanje, Analiza tr\u017ei\u0161ta, Procjene, Energetsko certificiranje, Eta\u017eiranje, Legalizacija, Pravne usluge\" \/>\n<meta property=\"og:url\" content=\"https:\/\/update2025.svijetkvadrata.hr\/web2024\/o-nama\/nase-usluge\/\" \/>\n<meta property=\"og:site_name\" content=\"Svijet Kvadrata\" \/>\n<meta property=\"article:modified_time\" content=\"2019-11-24T13:56:20+00:00\" \/>\n<meta name=\"twitter:card\" content=\"summary_large_image\" \/>\n<meta name=\"twitter:label1\" content=\"Written by\" \/>\n\t<meta name=\"twitter:data1\" content=\"M@rkoR\" \/>\n<script type=\"application\/ld+json\" class=\"yoast-schema-graph\">{\"@context\":\"https:\/\/schema.org\",\"@graph\":[{\"@type\":\"WebPage\",\"@id\":\"https:\/\/update2025.svijetkvadrata.hr\/web2024\/o-nama\/nase-usluge\/\",\"url\":\"https:\/\/update2025.svijetkvadrata.hr\/web2024\/o-nama\/nase-usluge\/\",\"name\":\"Na\u0161e usluge - Svijet Kvadrata\",\"isPartOf\":{\"@id\":\"https:\/\/update2025.svijetkvadrata.hr\/web2024\/#website\"},\"datePublished\":\"2019-11-12T15:45:19+00:00\",\"dateModified\":\"2019-11-24T13:56:20+00:00\",\"description\":\"Na\u0161e usluge su: Posredovanje u prometu nekretnina, Savjetovanje, Analiza tr\u017ei\u0161ta, Procjene, Energetsko certificiranje, Eta\u017eiranje, Legalizacija, Pravne usluge\",\"breadcrumb\":{\"@id\":\"https:\/\/update2025.svijetkvadrata.hr\/web2024\/o-nama\/nase-usluge\/#breadcrumb\"},\"inLanguage\":\"hr\",\"potentialAction\":[{\"@type\":\"ReadAction\",\"target\":[\"https:\/\/update2025.svijetkvadrata.hr\/web2024\/o-nama\/nase-usluge\/\"]}]},{\"@type\":\"BreadcrumbList\",\"@id\":\"https:\/\/update2025.svijetkvadrata.hr\/web2024\/o-nama\/nase-usluge\/#breadcrumb\",\"itemListElement\":[{\"@type\":\"ListItem\",\"position\":1,\"name\":\"Po\u010detna stranica\",\"item\":\"https:\/\/update2025.svijetkvadrata.hr\/web2024\/\"},{\"@type\":\"ListItem\",\"position\":2,\"name\":\"O nama\",\"item\":\"https:\/\/update2025.svijetkvadrata.hr\/web2024\/o-nama\/\"},{\"@type\":\"ListItem\",\"position\":3,\"name\":\"Na\u0161e usluge\"}]},{\"@type\":\"WebSite\",\"@id\":\"https:\/\/update2025.svijetkvadrata.hr\/web2024\/#website\",\"url\":\"https:\/\/update2025.svijetkvadrata.hr\/web2024\/\",\"name\":\"Svijet Kvadrata\",\"description\":\"Agencija za nekretnine\",\"potentialAction\":[{\"@type\":\"SearchAction\",\"target\":{\"@type\":\"EntryPoint\",\"urlTemplate\":\"https:\/\/update2025.svijetkvadrata.hr\/web2024\/?s={search_term_string}\"},\"query-input\":\"required name=search_term_string\"}],\"inLanguage\":\"hr\"}]}<\/script>\n<!-- \/ Yoast SEO plugin. -->","yoast_head_json":{"title":"Na\u0161e usluge - Svijet Kvadrata","description":"Na\u0161e usluge su: Posredovanje u prometu nekretnina, Savjetovanje, Analiza tr\u017ei\u0161ta, Procjene, Energetsko certificiranje, Eta\u017eiranje, Legalizacija, Pravne usluge","robots":{"index":"noindex","follow":"follow","max-snippet":"max-snippet:-1","max-image-preview":"max-image-preview:large","max-video-preview":"max-video-preview:-1"},"og_locale":"hr_HR","og_type":"article","og_title":"Na\u0161e usluge - Svijet Kvadrata","og_description":"Na\u0161e usluge su: Posredovanje u prometu nekretnina, Savjetovanje, Analiza tr\u017ei\u0161ta, Procjene, Energetsko certificiranje, Eta\u017eiranje, Legalizacija, Pravne usluge","og_url":"https:\/\/update2025.svijetkvadrata.hr\/web2024\/o-nama\/nase-usluge\/","og_site_name":"Svijet Kvadrata","article_modified_time":"2019-11-24T13:56:20+00:00","twitter_card":"summary_large_image","twitter_misc":{"Written by":"M@rkoR"},"schema":{"@context":"https:\/\/schema.org","@graph":[{"@type":"WebPage","@id":"https:\/\/update2025.svijetkvadrata.hr\/web2024\/o-nama\/nase-usluge\/","url":"https:\/\/update2025.svijetkvadrata.hr\/web2024\/o-nama\/nase-usluge\/","name":"Na\u0161e usluge - Svijet Kvadrata","isPartOf":{"@id":"https:\/\/update2025.svijetkvadrata.hr\/web2024\/#website"},"datePublished":"2019-11-12T15:45:19+00:00","dateModified":"2019-11-24T13:56:20+00:00","description":"Na\u0161e usluge su: Posredovanje u prometu nekretnina, Savjetovanje, Analiza tr\u017ei\u0161ta, Procjene, Energetsko certificiranje, Eta\u017eiranje, Legalizacija, Pravne usluge","breadcrumb":{"@id":"https:\/\/update2025.svijetkvadrata.hr\/web2024\/o-nama\/nase-usluge\/#breadcrumb"},"inLanguage":"hr","potentialAction":[{"@type":"ReadAction","target":["https:\/\/update2025.svijetkvadrata.hr\/web2024\/o-nama\/nase-usluge\/"]}]},{"@type":"BreadcrumbList","@id":"https:\/\/update2025.svijetkvadrata.hr\/web2024\/o-nama\/nase-usluge\/#breadcrumb","itemListElement":[{"@type":"ListItem","position":1,"name":"Po\u010detna stranica","item":"https:\/\/update2025.svijetkvadrata.hr\/web2024\/"},{"@type":"ListItem","position":2,"name":"O nama","item":"https:\/\/update2025.svijetkvadrata.hr\/web2024\/o-nama\/"},{"@type":"ListItem","position":3,"name":"Na\u0161e usluge"}]},{"@type":"WebSite","@id":"https:\/\/update2025.svijetkvadrata.hr\/web2024\/#website","url":"https:\/\/update2025.svijetkvadrata.hr\/web2024\/","name":"Svijet Kvadrata","description":"Agencija za nekretnine","potentialAction":[{"@type":"SearchAction","target":{"@type":"EntryPoint","urlTemplate":"https:\/\/update2025.svijetkvadrata.hr\/web2024\/?s={search_term_string}"},"query-input":"required name=search_term_string"}],"inLanguage":"hr"}]}},"_links":{"self":[{"href":"https:\/\/update2025.svijetkvadrata.hr\/web2024\/wp-json\/wp\/v2\/pages\/4317"}],"collection":[{"href":"https:\/\/update2025.svijetkvadrata.hr\/web2024\/wp-json\/wp\/v2\/pages"}],"about":[{"href":"https:\/\/update2025.svijetkvadrata.hr\/web2024\/wp-json\/wp\/v2\/types\/page"}],"author":[{"embeddable":true,"href":"https:\/\/update2025.svijetkvadrata.hr\/web2024\/wp-json\/wp\/v2\/users\/10"}],"replies":[{"embeddable":true,"href":"https:\/\/update2025.svijetkvadrata.hr\/web2024\/wp-json\/wp\/v2\/comments?post=4317"}],"version-history":[{"count":0,"href":"https:\/\/update2025.svijetkvadrata.hr\/web2024\/wp-json\/wp\/v2\/pages\/4317\/revisions"}],"up":[{"embeddable":true,"href":"https:\/\/update2025.svijetkvadrata.hr\/web2024\/wp-json\/wp\/v2\/pages\/2699"}],"wp:attachment":[{"href":"https:\/\/update2025.svijetkvadrata.hr\/web2024\/wp-json\/wp\/v2\/media?parent=4317"}],"wp:term":[{"taxonomy":"author","embeddable":true,"href":"https:\/\/update2025.svijetkvadrata.hr\/web2024\/wp-json\/wp\/v2\/coauthors?post=4317"}],"curies":[{"name":"wp","href":"https:\/\/api.w.org\/{rel}","templated":true}]}}